{"id":3253,"date":"2015-07-21T21:39:39","date_gmt":"2015-07-21T19:39:39","guid":{"rendered":"http:\/\/www.mobilnisvetsro.cz\/home\/?page_id=3253"},"modified":"2022-02-16T17:06:32","modified_gmt":"2022-02-16T15:06:32","slug":"napiste-nam","status":"publish","type":"page","link":"https:\/\/www.mobilnisvetsro.cz\/home\/napiste-nam\/","title":{"rendered":"Napi\u0161te n\u00e1m"},"content":{"rendered":"\n<div class=\"wpcf7 no-js\" id=\"wpcf7-f6663-o1\" lang=\"cs-CZ\" dir=\"ltr\" data-wpcf7-id=\"6663\">\n<div class=\"screen-reader-response\"><p role=\"status\" aria-live=\"polite\" aria-atomic=\"true\"><\/p> <ul><\/ul><\/div>\n<form action=\"\/home\/wp-json\/wp\/v2\/pages\/3253#wpcf7-f6663-o1\" method=\"post\" class=\"wpcf7-form init\" aria-label=\"Kontaktn\u00ed formul\u00e1\u0159\" novalidate=\"novalidate\" data-status=\"init\">\n<fieldset class=\"hidden-fields-container\"><input type=\"hidden\" name=\"_wpcf7\" value=\"6663\" \/><input type=\"hidden\" name=\"_wpcf7_version\" value=\"6.1.5\" \/><input type=\"hidden\" name=\"_wpcf7_locale\" value=\"cs_CZ\" \/><input type=\"hidden\" name=\"_wpcf7_unit_tag\" value=\"wpcf7-f6663-o1\" \/><input type=\"hidden\" name=\"_wpcf7_container_post\" value=\"0\" \/><input type=\"hidden\" name=\"_wpcf7_posted_data_hash\" value=\"\" \/><input type=\"hidden\" name=\"_wpcf7_recaptcha_response\" value=\"\" \/>\n<\/fieldset>\n<p><label>V\u00e1\u0161 e-mail <\/label><span class=\"wpcf7-form-control-wrap\" data-name=\"email-59\"><input size=\"40\" maxlength=\"400\" class=\"wpcf7-form-control wpcf7-email wpcf7-validates-as-required wpcf7-text wpcf7-validates-as-email\" aria-required=\"true\" aria-invalid=\"false\" value=\"\" type=\"email\" name=\"email-59\" \/><\/span>\n<\/p>\n<p><label>Va\u0161e jm\u00e9no <\/label><span class=\"wpcf7-form-control-wrap\" data-name=\"text-381\"><input size=\"40\" maxlength=\"400\" class=\"wpcf7-form-control wpcf7-text wpcf7-validates-as-required\" aria-required=\"true\" aria-invalid=\"false\" value=\"\" type=\"text\" name=\"text-381\" \/><\/span>\n<\/p>\n<p><label> P\u0159edm\u011bt <\/label><span class=\"wpcf7-form-control-wrap\" data-name=\"your-subject\"><input size=\"40\" maxlength=\"400\" class=\"wpcf7-form-control wpcf7-text wpcf7-validates-as-required\" aria-required=\"true\" aria-invalid=\"false\" value=\"\" type=\"text\" name=\"your-subject\" \/><\/span>\n<\/p>\n<p><label>Va\u0161e zpr\u00e1va<\/label><span class=\"wpcf7-form-control-wrap\" data-name=\"your-message\"><textarea cols=\"40\" rows=\"10\" maxlength=\"2000\" class=\"wpcf7-form-control wpcf7-textarea wpcf7-validates-as-required\" aria-required=\"true\" aria-invalid=\"false\" name=\"your-message\"><\/textarea><\/span>\n<\/p>\n<p><input class=\"wpcf7-form-control wpcf7-submit has-spinner\" type=\"submit\" value=\"Odeslat\" \/>\n<\/p>\n<p style=\"display: none !important;\" class=\"akismet-fields-container\" data-prefix=\"_wpcf7_ak_\"><label>&#916;<textarea name=\"_wpcf7_ak_hp_textarea\" cols=\"45\" rows=\"8\" maxlength=\"100\"><\/textarea><\/label><input type=\"hidden\" id=\"ak_js_1\" name=\"_wpcf7_ak_js\" value=\"134\"\/><script type=\"text\/javascript\">\n\/* <![CDATA[ *\/\ndocument.getElementById( \"ak_js_1\" ).setAttribute( \"value\", ( new Date() ).getTime() );\n\/* ]]> *\/\n<\/script>\n<\/p><div class=\"wpcf7-response-output\" aria-hidden=\"true\"><\/div>\n<\/form>\n<\/div>\n\n","protected":false},"excerpt":{"rendered":"","protected":false},"author":1,"featured_media":0,"parent":0,"menu_order":0,"comment_status":"closed","ping_status":"closed","template":"","meta":{"_acf_changed":false,"_crdt_document":"","footnotes":""},"class_list":["post-3253","page","type-page","status-publish","hentry"],"acf":[],"_links":{"self":[{"href":"https:\/\/www.mobilnisvetsro.cz\/home\/wp-json\/wp\/v2\/pages\/3253","targetHints":{"allow":["GET"]}}],"collection":[{"href":"https:\/\/www.mobilnisvetsro.cz\/home\/wp-json\/wp\/v2\/pages"}],"about":[{"href":"https:\/\/www.mobilnisvetsro.cz\/home\/wp-json\/wp\/v2\/types\/page"}],"author":[{"embeddable":true,"href":"https:\/\/www.mobilnisvetsro.cz\/home\/wp-json\/wp\/v2\/users\/1"}],"replies":[{"embeddable":true,"href":"https:\/\/www.mobilnisvetsro.cz\/home\/wp-json\/wp\/v2\/comments?post=3253"}],"version-history":[{"count":8,"href":"https:\/\/www.mobilnisvetsro.cz\/home\/wp-json\/wp\/v2\/pages\/3253\/revisions"}],"predecessor-version":[{"id":9564,"href":"https:\/\/www.mobilnisvetsro.cz\/home\/wp-json\/wp\/v2\/pages\/3253\/revisions\/9564"}],"wp:attachment":[{"href":"https:\/\/www.mobilnisvetsro.cz\/home\/wp-json\/wp\/v2\/media?parent=3253"}],"curies":[{"name":"wp","href":"https:\/\/api.w.org\/{rel}","templated":true}]}}