{"id":5070,"date":"2017-02-03T11:23:05","date_gmt":"2017-02-03T09:23:05","guid":{"rendered":"http:\/\/www.mobilnisvetsro.cz\/home\/?page_id=5070"},"modified":"2025-12-16T12:47:57","modified_gmt":"2025-12-16T10:47:57","slug":"nabidka-sluzeb","status":"publish","type":"page","link":"https:\/\/www.mobilnisvetsro.cz\/home\/nabidka-sluzeb\/","title":{"rendered":"Nab\u00eddka slu\u017eeb"},"content":{"rendered":"<h3 style=\"text-align: left;\">Na\u0161im z\u00e1kazn\u00edk\u016fm nab\u00edz\u00edme i\u00a0<strong><span style=\"color: #000000;\">RYCHLOSERVIS <span style=\"color: #14bfcc;\"><a style=\"text-decoration: underline;\" href=\"http:\/\/www.mobilnisvetsro.cz\/home\/kategorie-produktu\/servis-mobilu\/\" target=\"_blank\" rel=\"noopener noreferrer\">MOBIL\u016e a<\/a>\u00a0<\/span><span style=\"color: #14bfcc;\"><a style=\"text-decoration: underline;\" href=\"http:\/\/www.mobilnisvetsro.cz\/home\/kategorie-produktu\/servis-tablety\/\" target=\"_blank\" rel=\"noopener noreferrer\">TABLET\u016e a Notebook\u016f<\/a><\/span><\/span><\/strong>\u00a0 domluvit p\u0159ednostn\u00ed RYCHLOOPRAVU na po\u010dk\u00e1n\u00ed.<\/h3>\n<blockquote>\n<p><em><span style=\"float: none; background-color: transparent; color: #000080; font-family: 'Helvetica neue', Helvetica, Arial, sans-serif; font-size: 26px; font-variant: normal; font-weight: 400; letter-spacing: normal; orphans: 2; text-align: center; text-decoration: none; text-indent: 0px; text-transform: none; -webkit-text-stroke-width: 0px; white-space: normal; word-spacing: 0px; display: inline !important;\">Tablet nebo mobil lze zaslat po\u0161tou na opravu, nebo my objedn\u00e1me u p\u0159epravn\u00ed spole\u010dnost\u00ed svoz za\u0159\u00edzen\u00ed od v\u00e1s k m\u00e1m. Za\u0159\u00edzen\u00ed bude po oprav\u011b a zaplacen\u00ed zasl\u00e1no p\u0159epravn\u00ed slu\u017ebou za celkov\u00fd poplatek 200,- K\u010d. Diagnostika p\u0159\u00edstroje bez n\u00e1sledn\u00e9 opravy za 500,- K\u010d<\/span><\/em><\/p>\n<\/blockquote>\n<p style=\"text-align: left;\">Pokud jste v <a style=\"text-decoration: underline;\" href=\"http:\/\/www.mobilnisvetsro.cz\/home\/katalog\">katalogu<\/a> nena\u0161li po\u017eadovanou opravu napi\u0161te n\u00e1m e-mail: <a href=\"mailto:telefony@mobilnisvetsro.cz\">telefony@mobilnisvetsro.cz<\/a>, uvedeny jsou pouze nej\u010dast\u011bj\u0161\u00ed opravy, ale opravujeme ve\u0161ker\u00e9 mobily prod\u00e1van\u00e9 v \u010cR.<\/p>\n<p style=\"text-align: left;\">Jedn\u00e1 se p\u0159ev\u00e1\u017en\u011b o mobiln\u00ed za\u0159\u00edzen\u00ed zna\u010dek:<\/p>\n<ul>\n<li style=\"text-align: left;\"><em>ASUS, ACER\u00a0 , <\/em><em>ALCATEL ,\u00a0 <\/em><em>ALIGATOR<\/em><\/li>\n<li style=\"text-align: left;\"><em>APPLE iPhone iPad MacBook<\/em><\/li>\n<li style=\"text-align: left;\"><em>BLACKBERRY, Doogee<\/em><\/li>\n<li style=\"text-align: left;\"><em>CAT Caterepillar , <\/em><em>GSMART<\/em><\/li>\n<li style=\"text-align: left;\"><em>HUAWEI , HONOR , HTC<\/em><\/li>\n<li style=\"text-align: left;\"><em>LENOVO , <\/em><em>LG, iGet, POCO, RealMi<\/em><\/li>\n<li style=\"text-align: left;\"><em>NOKIA , MICROSOFT ,\u00a0<\/em><em>MOTOROLA\u00a0<\/em><\/li>\n<li style=\"text-align: left;\"><em>PRESTIGIO, myPhone, OnePlus<\/em><\/li>\n<li style=\"text-align: left;\"><em>SAMSUNG ,\u00a0<\/em><em>SONY ,\u00a0<\/em><em>SONY ERICSSON<\/em><\/li>\n<li style=\"text-align: left;\"><em>XIAOMI ,\u00a0<\/em><em>ZOPO ,\u00a0<\/em><em>ZTE, Vivo, Vodafone<\/em><\/li>\n<\/ul>\n<h3>Informa\u010dn\u00ed povinnost p\u0159i vzniku sporu<\/h3>\n<p>Podle \u00a7 14 odst. (2) ZOS \u201e<em>v p\u0159\u00edpad\u011b sporu mezi spot\u0159ebitelem a prod\u00e1vaj\u00edc\u00edm, kter\u00fd se nepoda\u0159ilo mezi stranami urovnat p\u0159\u00edmo, poskytne prod\u00e1vaj\u00edc\u00ed spot\u0159ebiteli informace uveden\u00e9 v odstavci 1 v listinn\u00e9 podob\u011b nebo na jin\u00e9m trval\u00e9m nosi\u010di dat<\/em>.\u201c<\/p>\n<p>Trval\u00fdm nosi\u010dem dat je jak\u00fdkoli n\u00e1stroj, kter\u00fd umo\u017e\u0148uje spot\u0159ebiteli nebo obchodn\u00edkovi ukl\u00e1dat informace ur\u010den\u00e9 jemu osobn\u011b, a to zp\u016fsobem vhodn\u00fdm pro jejich budouc\u00ed pou\u017eit\u00ed, po dobu p\u0159im\u011b\u0159enou jejich \u00fa\u010delu, a kter\u00fd umo\u017e\u0148uje reprodukci ulo\u017een\u00fdch informac\u00ed v nezm\u011bn\u011bn\u00e9m stavu. V praxi se bude jednat p\u0159edev\u0161\u00edm o elektronickou po\u0161tu.<\/p>\n\n\n<p class=\"wp-block-paragraph\">\u201eV p\u0159\u00edpad\u011b, \u017ee dojde mezi n\u00e1mi a spot\u0159ebitelem ke vzniku spot\u0159ebitelsk\u00e9ho sporu z kupn\u00ed smlouvy nebo ze smlouvy o poskytov\u00e1n\u00ed slu\u017eeb, kter\u00fd se nepoda\u0159\u00ed vy\u0159e\u0161it vz\u00e1jemnou dohodou, m\u016f\u017ee spot\u0159ebitel podat n\u00e1vrh na mimosoudn\u00ed \u0159e\u0161en\u00ed takov\u00e9ho sporu ur\u010den\u00e9mu subjektu mimosoudn\u00edho \u0159e\u0161en\u00ed spot\u0159ebitelsk\u00fdch spor\u016f, kter\u00fdm je<\/p>\n\n\n\n<p class=\"wp-block-paragraph\"><strong>\u010cesk\u00e1 obchodn\u00ed inspekce<\/strong><br><em>\u00dast\u0159edn\u00ed inspektor\u00e1t \u2013 odd\u011blen\u00ed ADR<\/em><br>Gorazdova 1969\/24<br>120 00 Praha 2 \u2013 Nov\u00e9 M\u011bsto<\/p>\n\n\n\n<p class=\"wp-block-paragraph\">Email:&nbsp;<a href=\"https:\/\/www.coi.cz\/pro-podnikatele\/informace-pro-prodejce-zbozi-a-sluzeb\/mimosoudni-reseni-spotrebitelskych-sporu-adr\/#\">adr@coi.cz<\/a><br>Web:&nbsp;<a href=\"https:\/\/www.coi.cz\/informace-o-adr\/\" target=\"_blank\" rel=\"noreferrer noopener\">adr.coi.cz<\/a><\/p>\n","protected":false},"excerpt":{"rendered":"<p>Na\u0161im z\u00e1kazn\u00edk\u016fm nab\u00edz\u00edme i\u00a0RYCHLOSERVIS MOBIL\u016e a\u00a0TABLET\u016e a Notebook\u016f\u00a0 domluvit p\u0159ednostn\u00ed RYCHLOOPRAVU na po\u010dk\u00e1n\u00ed. Tablet nebo mobil lze zaslat po\u0161tou na opravu, nebo my objedn\u00e1me u p\u0159epravn\u00ed spole\u010dnost\u00ed svoz za\u0159\u00edzen\u00ed od v\u00e1s k m\u00e1m. Za\u0159\u00edzen\u00ed bude po oprav\u011b a zaplacen\u00ed zasl\u00e1no p\u0159epravn\u00ed slu\u017ebou za celkov\u00fd poplatek 200,- K\u010d. Diagnostika p\u0159\u00edstroje bez n\u00e1sledn\u00e9 opravy za 500,- K\u010d [&hellip;]<\/p>\n","protected":false},"author":1,"featured_media":0,"parent":0,"menu_order":0,"comment_status":"closed","ping_status":"closed","template":"","meta":{"_acf_changed":false,"_crdt_document":"","footnotes":""},"class_list":["post-5070","page","type-page","status-publish","hentry"],"acf":[],"_links":{"self":[{"href":"https:\/\/www.mobilnisvetsro.cz\/home\/wp-json\/wp\/v2\/pages\/5070","targetHints":{"allow":["GET"]}}],"collection":[{"href":"https:\/\/www.mobilnisvetsro.cz\/home\/wp-json\/wp\/v2\/pages"}],"about":[{"href":"https:\/\/www.mobilnisvetsro.cz\/home\/wp-json\/wp\/v2\/types\/page"}],"author":[{"embeddable":true,"href":"https:\/\/www.mobilnisvetsro.cz\/home\/wp-json\/wp\/v2\/users\/1"}],"replies":[{"embeddable":true,"href":"https:\/\/www.mobilnisvetsro.cz\/home\/wp-json\/wp\/v2\/comments?post=5070"}],"version-history":[{"count":36,"href":"https:\/\/www.mobilnisvetsro.cz\/home\/wp-json\/wp\/v2\/pages\/5070\/revisions"}],"predecessor-version":[{"id":11640,"href":"https:\/\/www.mobilnisvetsro.cz\/home\/wp-json\/wp\/v2\/pages\/5070\/revisions\/11640"}],"wp:attachment":[{"href":"https:\/\/www.mobilnisvetsro.cz\/home\/wp-json\/wp\/v2\/media?parent=5070"}],"curies":[{"name":"wp","href":"https:\/\/api.w.org\/{rel}","templated":true}]}}