{"id":11658,"date":"2026-01-12T13:07:29","date_gmt":"2026-01-12T11:07:29","guid":{"rendered":"https:\/\/www.mobilnisvetsro.cz\/home\/?post_type=product&#038;p=11658"},"modified":"2026-01-12T13:16:06","modified_gmt":"2026-01-12T11:16:06","slug":"diagnostika-pristroje-doogee-bez-nasledne-opravy-2","status":"publish","type":"product","link":"https:\/\/www.mobilnisvetsro.cz\/home\/shop\/servis-mobilu\/servis-doogee-mobily\/servis-doogee-bl5000\/diagnostika-pristroje-doogee-bez-nasledne-opravy-2\/diagnostika-pristroje-doogee-bez-nasledne-opravy-2\/","title":{"rendered":"Diagnostika p\u0159\u00edstroje Doogee bez n\u00e1sledn\u00e9 opravy"},"content":{"rendered":"","protected":false},"excerpt":{"rendered":"","protected":false},"featured_media":11605,"template":"","meta":{"_acf_changed":false,"_crdt_document":""},"product_brand":[],"product_cat":[409,412,374,898,955,953,514,894,895,958,923,606,513,962,1149,567,945,990,961,960,410,411,957,896,897,954,959,956,952,406,407,408,414,375,516,515,517,377,899,413,376],"product_tag":[],"class_list":{"0":"post-11658","1":"product","2":"type-product","3":"status-publish","4":"has-post-thumbnail","6":"product_cat-servis-doogee-bl5000","7":"product_cat-servis-doogee-mix","8":"product_cat-servis-doogee-mobily","9":"product_cat-servis-doogee-n40-pro","10":"product_cat-servis-doogee-s100-pro","11":"product_cat-servis-doogee-s110","12":"product_cat-servis-doogee-s30","13":"product_cat-servis-doogee-s35","14":"product_cat-servis-doogee-s40","15":"product_cat-servis-doogee-s51","16":"product_cat-servis-doogee-s59-pro","17":"product_cat-servis-doogee-s60","18":"product_cat-servis-doogee-s60-lite","19":"product_cat-servis-doogee-s61","20":"product_cat-servis-doogee-s61-pro","21":"product_cat-nezarazene","22":"product_cat-servis-doogee-s86-pro","23":"product_cat-servis-doogee-s97-pro","24":"product_cat-servis-doogee-s98-pro","25":"product_cat-servis-doogee-s99","26":"product_cat-servis-doogee-shoot-1","27":"product_cat-servis-doogee-shoot-2","28":"product_cat-servis-doogee-v-max-5g","29":"product_cat-servis-doogee-v10","30":"product_cat-servis-doogee-v20","31":"product_cat-servis-doogee-v20-pro-5g","32":"product_cat-servis-doogee-v30-5g","33":"product_cat-servis-doogee-v30t-5g","34":"product_cat-servis-doogee-v31-gt-5g","35":"product_cat-servis-doogee-x10","36":"product_cat-servis-doogee-x20","37":"product_cat-servis-doogee-x30","38":"product_cat-servis-doogee-x5-max","39":"product_cat-servis-doogee-x5-max-pro","40":"product_cat-servis-doogee-x53","41":"product_cat-servis-doogee-x55","42":"product_cat-servis-doogee-x60-l","43":"product_cat-servis-doogee-x9-mini","44":"product_cat-servis-doogee-x96-pro","45":"product_cat-servis-doogee-y6-max-3d","46":"product_cat-servis-doogee-y6c","48":"first","49":"instock","50":"taxable","51":"shipping-taxable","52":"purchasable","53":"product-type-simple"},"acf":[],"_links":{"self":[{"href":"https:\/\/www.mobilnisvetsro.cz\/home\/wp-json\/wp\/v2\/product\/11658","targetHints":{"allow":["GET"]}}],"collection":[{"href":"https:\/\/www.mobilnisvetsro.cz\/home\/wp-json\/wp\/v2\/product"}],"about":[{"href":"https:\/\/www.mobilnisvetsro.cz\/home\/wp-json\/wp\/v2\/types\/product"}],"wp:featuredmedia":[{"embeddable":true,"href":"https:\/\/www.mobilnisvetsro.cz\/home\/wp-json\/wp\/v2\/media\/11605"}],"wp:attachment":[{"href":"https:\/\/www.mobilnisvetsro.cz\/home\/wp-json\/wp\/v2\/media?parent=11658"}],"wp:term":[{"taxonomy":"product_brand","embeddable":true,"href":"https:\/\/www.mobilnisvetsro.cz\/home\/wp-json\/wp\/v2\/product_brand?post=11658"},{"taxonomy":"product_cat","embeddable":true,"href":"https:\/\/www.mobilnisvetsro.cz\/home\/wp-json\/wp\/v2\/product_cat?post=11658"},{"taxonomy":"product_tag","embeddable":true,"href":"https:\/\/www.mobilnisvetsro.cz\/home\/wp-json\/wp\/v2\/product_tag?post=11658"}],"curies":[{"name":"wp","href":"https:\/\/api.w.org\/{rel}","templated":true}]}}