{"id":1529,"date":"2015-06-22T14:41:05","date_gmt":"2015-06-22T12:41:05","guid":{"rendered":"http:\/\/www.mobilnisvetsro.cz\/home\/?post_type=product&#038;p=1529"},"modified":"2015-06-22T14:41:05","modified_gmt":"2015-06-22T12:41:05","slug":"drzak-na-selfie-s-bluetooth-ovladanim-cerny","status":"publish","type":"product","link":"https:\/\/www.mobilnisvetsro.cz\/home\/shop\/prislusenstvi\/drzaky-pro-mobily\/drzak-na-selfie-s-bluetooth-ovladanim-cerny\/drzak-na-selfie-s-bluetooth-ovladanim-cerny\/","title":{"rendered":"Dr\u017e\u00e1k na Selfie s bluetooth ovl\u00e1d\u00e1n\u00edm \u010dern\u00fd"},"content":{"rendered":"<p><span id=\"result_box\" lang=\"cs\"><span class=\"hps\">Popis syst\u00e9mu<\/span> <span class=\"hps\">ud\u011blat<\/span> <span class=\"hps\">SELFIE<\/span>:<\/p>\n<p>Rukoje\u0165 <span class=\"hps\">je ide\u00e1ln\u00ed<\/span> <span class=\"hps\">pro po\u0159izov\u00e1n\u00ed<\/span> <span class=\"hps\">autoportr\u00e9t\u016f<\/span> <span class=\"hps\">a prov\u00e1d\u011bt<\/span> <span class=\"hps\">z\u00e1b\u011bry<\/span> <span class=\"hps\">z<\/span> <span class=\"hps\">velk\u00e9 vzd\u00e1lenosti<\/span> <span class=\"hps\">a<\/span> <span class=\"hps\">vy\u0161\u0161\u00ed perspektivy<\/span>.<br \/>\n<span class=\"hps\">Monopod<\/span> <span class=\"hps\">je vhodn\u00fd pro v\u0161echny<\/span> <span class=\"hps\">fotoapar\u00e1ty<\/span> <span class=\"hps\">a kamery<\/span> <span class=\"hps\">se<\/span> <span class=\"hps\">standardn\u00ed<\/span> <span class=\"hps\">uchycen\u00ed<\/span> <span class=\"hps\">1\/4<\/span> <span class=\"hps atn\">&#8222;<\/span>do hmotnosti <span class=\"hps\">500g<\/span>. <span class=\"hps\">S<\/span><br \/>\n<span class=\"hps\">pecjalna<\/span> <span class=\"hps\">Universal<\/span> <span class=\"hps\">p\u0159ekryt\u00ed<\/span> <span class=\"hps\">umo\u017en\u00ed<\/span> <span class=\"hps\">vlo\u017een\u00ed<\/span> <span class=\"hps\">stativu<\/span> <span class=\"hps\">ka\u017ed\u00fd<\/span> <span class=\"hps\">telefon<\/span> <span class=\"hps\">v rozmez\u00ed od<\/span> <span class=\"hps\">5,5 cm<\/span> <span class=\"hps\">do<\/span> <span class=\"hps\">8,5 cm<\/span><\/p>\n<p><span class=\"hps\">v\u00fdhody:<\/span><\/p>\n<p><span class=\"hps\">Vyztu\u017een\u00e9<\/span>, <span class=\"hps\">nastaviteln\u00e9 a<\/span> <span class=\"hps\">pevn\u00e9<\/span> <span class=\"hps\">hlavice<\/span><br \/>\n<span class=\"hps\">Zajistit plnou<\/span> <span class=\"hps\">stabilitu polohy<\/span> <span class=\"hps\">iv t\u011bch<\/span> <span class=\"hps\">nejn\u00e1ro\u010dn\u011bj\u0161\u00edch podm\u00ednk\u00e1ch<\/span><br \/>\n<span class=\"hps\">Plynul\u00e9 nastavov\u00e1n\u00ed<\/span> <span class=\"hps\">\u00fahlu<\/span> <span class=\"hps\">polohy kamery<\/span> <span class=\"hps\">v rozsahu<\/span> <span class=\"hps\">180<\/span> <span class=\"hps\">stup\u0148\u016f<\/span> <span class=\"hps\">a<\/span> <span class=\"hps\">schopnost<\/span> <span class=\"hps\">oto\u010dit<\/span> <span class=\"hps\">sv\u016fj pln\u00fd<\/span> <span class=\"hps\">vodorovn\u00e9 rovin\u011b<\/span><br \/>\n<span class=\"hps\">Vestav\u011bn\u00fd<\/span> <span class=\"hps\">matic\u00ed<\/span> <span class=\"hps\">umo\u017e\u0148uje<\/span> <span class=\"hps\">spr\u00e1vn\u00e9<\/span> <span class=\"hps\">um\u00edst\u011bn\u00ed<\/span> <span class=\"hps\">a stabiln\u00ed<\/span> <span class=\"hps\">uchycen\u00ed<\/span> <span class=\"hps\">fotoapar\u00e1tu nebo<\/span> <span class=\"hps\">kamery<\/span><br \/>\n<span class=\"hps\">Pogumovan\u00e1<\/span> <span class=\"hps\">rukoje\u0165<\/span> <span class=\"hps\">zabra\u0148uje<\/span> <span class=\"hps\">p\u00e1du<\/span> <span class=\"hps\">z ruky<\/span>, a to i <span class=\"hps\">ve velmi<\/span> <span class=\"hps\">nep\u0159\u00edzniv\u00fdch klimatick\u00fdch<\/span> <span class=\"hps\">podm\u00ednk\u00e1ch<\/span><br \/>\n<span class=\"hps\">Standardn\u00ed<\/span> <span class=\"hps\">dr\u017e\u00e1k<\/span> <span class=\"hps\">se z\u00e1vitem<\/span> <span class=\"hps\">1\/4<\/span> <span class=\"hps\">&#8222;, se nach\u00e1z\u00ed<\/span> <span class=\"hps\">na spodn\u00ed stran\u011b<\/span>, <span class=\"hps\">kter\u00fd umo\u017e\u0148uje<\/span> <span class=\"hps\">p\u0159ipojit k<\/span> <span class=\"hps\">jin\u00e9 \u010d\u00e1sti<\/span> <span class=\"hps\">z\u00e1vitu<\/span>, nap\u0159\u00edklad. <span class=\"hps\">Fotogalerie<\/span> <span class=\"hps\">stativ.<\/span><\/p>\n<p><span class=\"hps\">Specifikace:<\/span><\/p>\n<p><span class=\"hps\">Maxim\u00e1ln\u00ed v\u00fd\u0161ka<\/span> <span class=\"hps\">&#8211;<\/span> <span class=\"hps\">109 cm<\/span><br \/>\n<span class=\"hps\">Minim\u00e1ln\u00ed<\/span> <span class=\"hps\">d\u00e9lka<\/span> <span class=\"hps\">&#8211;<\/span> <span class=\"hps\">22 cm<\/span><br \/>\n<span class=\"hps\">Hmotnost<\/span> <span class=\"hps\">&#8211;<\/span> <span class=\"hps\">153 g<\/span><br \/>\nPohybuj\u00edc\u00ed se <span class=\"hps\">hlava s<\/span> <span class=\"hps\">1\/4<\/span> <span class=\"hps\">palce<\/span> <span class=\"hps\">z\u00e1vitem<\/span><br \/>\n<span class=\"hps\">Poutko na z\u00e1p\u011bst\u00ed<\/span><br \/>\n<span class=\"hps\">Gumov\u00e1<\/span> <span class=\"hps\">rukoje\u0165<\/span><br \/>\n<span class=\"hps\">Pojistn\u00e1 matice<\/span> <span class=\"hps\">pro lep\u0161\u00ed<\/span> <span class=\"hps\">kamery um\u00edst\u011bn\u00e9<\/span> <span class=\"hps\">na hlav\u011b<\/span> <span class=\"hps\">z\u00e1vit<\/span><br \/>\n<span class=\"hps\">Maxim\u00e1ln\u00ed zat\u00ed\u017een\u00ed<\/span>: <span class=\"hps\">0,5 kg<\/span><\/p>\n<p><span class=\"hps\">pilot<\/span><\/p>\n<p><span class=\"hps\">Specifikace<\/span>:<\/p>\n<p><span class=\"hps\">Kompatibiln\u00ed<\/span> <span class=\"hps\">s Android<\/span> <span class=\"hps\">4.2.2<\/span> <span class=\"hps\">a nov\u011bj\u0161\u00ed<\/span> <span class=\"hps\">software<\/span><br \/>\n<span class=\"hps\">Kompatibiln\u00ed s<\/span> <span class=\"hps\">iOS<\/span> <span class=\"hps\">6.0 a<\/span> <span class=\"hps\">nov\u011bj\u0161\u00ed<\/span> <span class=\"hps\">software<\/span><br \/>\n<span class=\"hps\">spou\u0161\u0165<\/span> <span class=\"hps\">na fotky<\/span> <span class=\"hps\">a videa<\/span><br \/>\n<span class=\"hps\">nevy\u017eaduje<\/span> <span class=\"hps\">pou\u017eit\u00ed<\/span><br \/>\n<span class=\"hps\">Bluetooth<\/span>: <span class=\"hps\">3.0<\/span><br \/>\n<span class=\"hps\">Rozsah<\/span>: <span class=\"hps\">10 m<\/span><br \/>\n<span class=\"hps\">Hmotnost:<\/span> <span class=\"hps\">9g<\/span><br \/>\nBaterie: <span class=\"hps\">CR2032<\/span> <span class=\"hps\">x 1<\/span> <span class=\"hps\">(v cen\u011b)<\/span><br \/>\n<span class=\"hps\">Rozm\u011bry<\/span>: <span class=\"hps\">50 mm<\/span> <span class=\"hps\">x<\/span> <span class=\"hps\">33 mm<\/span> <span class=\"hps\">x<\/span> <span class=\"hps\">10,5 mm<\/span><\/p>\n<p><span class=\"hps\">Jak pou\u017e\u00edvat<\/span>:<br \/>\n<span class=\"hps\">1<\/span> <span class=\"hps\">Vlo\u017ete baterii do<\/span> <span class=\"hps\">d\u00e1lkov\u00e9ho ovl\u00e1d\u00e1n\u00ed<\/span> <span class=\"hps\">a stiskn\u011bte<\/span> <span class=\"hps\">polohy<\/span> <span class=\"hps\">&#8222;ON&#8220;<\/span>.<br \/>\n<span class=\"hps\">2 Pot\u00e9<\/span> <span class=\"hps\">zapn\u011bte<\/span> <span class=\"hps\">telefonn\u00ed p\u0159\u00edstroj<\/span> <span class=\"hps\">\/<\/span> <span class=\"hps\">Bluetooth<\/span> <span class=\"hps\">a<\/span> <span class=\"hps\">naj\u00edt p\u0159\u00edstroj<\/span> <span class=\"hps\">Shutter<\/span> <span class=\"hps\">pro p\u00e1rov\u00e1n\u00ed<\/span>.<br \/>\n<span class=\"hps\">3 Pot\u00e9<\/span> <span class=\"hps\">zapn\u011bte fotoapar\u00e1t<\/span> <span class=\"hps\">a dal<\/span> <span class=\"hps\">telefon v<\/span> <span class=\"hps\">m\u00edst\u011b, kter\u00e9 je<\/span> <span class=\"hps\">t\u0159eba p\u0159ijmout.<\/span><br \/>\n<span class=\"hps\">4.<\/span> <span class=\"hps\">Hotovo<\/span>! <span class=\"hps\">Sta\u010d\u00ed stisknout<\/span> <span class=\"hps\">tla\u010d\u00edtko<\/span> <span class=\"hps\">na d\u00e1lkov\u00e9m ovlada\u010di<\/span> <span class=\"hps\">a obr\u00e1zek<\/span> <span class=\"hps\">bude okam\u017eit\u011b<\/span> <span class=\"hps\">provedena<\/span>.<\/p>\n<p><span class=\"hps\">Monopod<\/span><\/p>\n<p><span class=\"hps\">1\/4<\/span> <span class=\"hps\">&#8222;univerz\u00e1ln\u00ed<\/span> <span class=\"hps\">\u0161roub<\/span> <span class=\"hps\">pro mont\u00e1\u017e<\/span>.<br \/>\n<span class=\"hps\">Roz\u0161i\u0159uje<\/span> <span class=\"hps\">D\u00e9lka<\/span>: cca. <span class=\"hps\">109cm<\/span>.<br \/>\n<span class=\"hps\">Close<\/span> <span class=\"hps\">D\u00e9lka<\/span>: cca. <span class=\"hps\">22 cm<\/span>.<br \/>\n<span class=\"hps\">Hmotnost<\/span>: 6.1 <span class=\"hps atn\">oz (<\/span>153 g).<\/p>\n<p><span class=\"hps\">Dr\u017e\u00e1k telefonu<\/span> <span class=\"hps\">\/<\/span> <span class=\"hps\">Clip<\/span><\/p>\n<p><span class=\"hps\">T\u00e9m\u011b\u0159<\/span> <span class=\"hps\">kompatibiln\u00ed se v\u0161emi<\/span> <span class=\"hps\">telefony<\/span> <span class=\"hps atn\">(<\/span>Pokud si nejste <span class=\"hps\">jisti, zda v\u00e1\u0161<\/span> <span class=\"hps\">telefon<\/span>, kter\u00fd je vhodn\u00fd, <span class=\"hps\">nev\u00e1hejte<\/span> <span class=\"hps\">a kontaktujte m\u011b<\/span>).<br \/>\nDr\u017e\u00e1k <span class=\"hps\">Dr\u017e\u00e1k<\/span> <span class=\"hps\">dr\u017e\u00ed<\/span> <span class=\"hps\">Nastaviteln\u00e1 \u0161\u00ed\u0159ka<\/span> <span class=\"hps\">55 mm<\/span> <span class=\"hps\">&#8211; 85<\/span> <span class=\"hps\">mm.<\/span><br \/>\n<span class=\"hps\">Univerz\u00e1ln\u00ed<\/span> <span class=\"hps\">\u010dtvrtiny<\/span> <span class=\"hps\">\u0161roub<\/span>, <span class=\"hps\">vhodn\u00fd i pro<\/span> <span class=\"hps\">Pocket<\/span> <span class=\"hps\">fotoapar\u00e1ty<\/span>.<br \/>\n<span class=\"hps\">Hmotnost<\/span>: 1.21 <span class=\"hps atn\">oz (<\/span>23 g).<\/p>\n<p><span class=\"hps\">Bluetooth<\/span> <span class=\"hps\">d\u00e1lkov\u00e9 ovl\u00e1d\u00e1n\u00ed<\/span> <span class=\"hps\">z\u00e1v\u011brky<\/span><\/p>\n<p><span class=\"hps\">100% zbrusu<\/span> <span class=\"hps\">nov\u00fd a vysoce kvalitn\u00ed<\/span>.<br \/>\n<span class=\"hps\">Kompatibiln\u00ed s<\/span> <span class=\"hps\">opera\u010dn\u00edm syst\u00e9mem Android OS<\/span> <span class=\"hps\">4.2.2<\/span> <span class=\"hps\">nebo<\/span> <span class=\"hps\">nov\u011bj\u0161\u00ed<\/span> <span class=\"hps\">a iOS<\/span> <span class=\"hps\">6.0<\/span> <span class=\"hps\">nebo<\/span> <span class=\"hps\">nov\u011bj\u0161\u00ed<\/span>.<br \/>\n<span class=\"hps\">Komunika\u010dn\u00ed vzd\u00e1lenost<\/span>: <span class=\"hps\">10 m<\/span> <span class=\"hps atn\">(<\/span>30 stop).<br \/>\n<span class=\"hps\">Vys\u00edlac\u00ed<\/span> <span class=\"hps\">frekvence<\/span>: <span class=\"hps\">2.4GHz-<\/span> <span class=\"hps\">2.4825GHz<\/span>.<br \/>\n<span class=\"hps\">\u017divotnost baterie<\/span>: <span class=\"hps\">cca 6<\/span> <span class=\"hps atn\">m\u011bs\u00edc\u016f (<\/span>10 <span class=\"hps\">kr\u00e1t<\/span> <span class=\"hps\">za den<\/span>).<br \/>\n<span class=\"hps\">Rozm\u011bry:<\/span> <span class=\"hps\">1.97<\/span> <span class=\"hps atn\">&#8222;<\/span>x <span class=\"hps\">1.30<\/span> <span class=\"hps\">L<\/span>&#8220; W <span class=\"hps\">x<\/span> <span class=\"hps\">0,41<\/span> <span class=\"hps atn\">&#8222;<\/span>H <span class=\"hps atn\">(<\/span>50 <span class=\"hps\">x<\/span> <span class=\"hps\">33<\/span> <span class=\"hps\">x 10,5 mm<\/span>).<br \/>\n<span class=\"hps\">Hmotnost:<\/span> <span class=\"hps\">0,6 oz<\/span> <span class=\"hps atn\">(<\/span>16 g). <\/span><\/p>\n","protected":false},"excerpt":{"rendered":"<p>Popis syst\u00e9mu ud\u011blat SELFIE: Rukoje\u0165 je ide\u00e1ln\u00ed pro po\u0159izov\u00e1n\u00ed autoportr\u00e9t\u016f a prov\u00e1d\u011bt z\u00e1b\u011bry z velk\u00e9 vzd\u00e1lenosti a vy\u0161\u0161\u00ed perspektivy. Monopod je vhodn\u00fd pro v\u0161echny fotoapar\u00e1ty a kamery se standardn\u00ed uchycen\u00ed 1\/4 &#8222;do hmotnosti 500g. S pecjalna Universal p\u0159ekryt\u00ed umo\u017en\u00ed vlo\u017een\u00ed stativu ka\u017ed\u00fd telefon v rozmez\u00ed od 5,5 cm do 8,5 cm v\u00fdhody: Vyztu\u017een\u00e9, nastaviteln\u00e9 a [&hellip;]<\/p>\n","protected":false},"featured_media":1530,"template":"","meta":{"_acf_changed":false,"_crdt_document":""},"product_brand":[],"product_cat":[92],"product_tag":[],"class_list":{"0":"post-1529","1":"product","2":"type-product","3":"status-publish","4":"has-post-thumbnail","6":"product_cat-drzaky-pro-mobily","8":"first","9":"instock","10":"taxable","11":"shipping-taxable","12":"purchasable","13":"product-type-simple"},"acf":[],"_links":{"self":[{"href":"https:\/\/www.mobilnisvetsro.cz\/home\/wp-json\/wp\/v2\/product\/1529","targetHints":{"allow":["GET"]}}],"collection":[{"href":"https:\/\/www.mobilnisvetsro.cz\/home\/wp-json\/wp\/v2\/product"}],"about":[{"href":"https:\/\/www.mobilnisvetsro.cz\/home\/wp-json\/wp\/v2\/types\/product"}],"wp:featuredmedia":[{"embeddable":true,"href":"https:\/\/www.mobilnisvetsro.cz\/home\/wp-json\/wp\/v2\/media\/1530"}],"wp:attachment":[{"href":"https:\/\/www.mobilnisvetsro.cz\/home\/wp-json\/wp\/v2\/media?parent=1529"}],"wp:term":[{"taxonomy":"product_brand","embeddable":true,"href":"https:\/\/www.mobilnisvetsro.cz\/home\/wp-json\/wp\/v2\/product_brand?post=1529"},{"taxonomy":"product_cat","embeddable":true,"href":"https:\/\/www.mobilnisvetsro.cz\/home\/wp-json\/wp\/v2\/product_cat?post=1529"},{"taxonomy":"product_tag","embeddable":true,"href":"https:\/\/www.mobilnisvetsro.cz\/home\/wp-json\/wp\/v2\/product_tag?post=1529"}],"curies":[{"name":"wp","href":"https:\/\/api.w.org\/{rel}","templated":true}]}}