{"id":3939,"date":"2016-01-17T19:43:33","date_gmt":"2016-01-17T17:43:33","guid":{"rendered":"http:\/\/www.mobilnisvetsro.cz\/home\/shop\/servis-mobilu\/lg\/oprava-lg-g2-d802-pristroj-neni-mozne-zapnout\/oprava-lg-g2-d802-pristroj-neni-mozne-zapnout\/"},"modified":"2016-01-17T19:44:04","modified_gmt":"2016-01-17T17:44:04","slug":"oprava-lg-g2-d802-pristroj-neni-mozne-zapnout","status":"publish","type":"product","link":"https:\/\/www.mobilnisvetsro.cz\/home\/shop\/servis-mobilu\/lg\/opravy-lg-g2-d802\/oprava-lg-g2-d802-pristroj-neni-mozne-zapnout\/oprava-lg-g2-d802-pristroj-neni-mozne-zapnout\/","title":{"rendered":"oprava LG G2 (D802) &#8211; P\u0159\u00edstroj nen\u00ed mo\u017en\u00e9 zapnout"},"content":{"rendered":"","protected":false},"excerpt":{"rendered":"","protected":false},"featured_media":3052,"template":"","meta":{"_acf_changed":false,"_crdt_document":""},"product_brand":[],"product_cat":[61,233],"product_tag":[],"class_list":{"0":"post-3939","1":"product","2":"type-product","3":"status-publish","4":"has-post-thumbnail","6":"product_cat-lg","7":"product_cat-opravy-lg-g2-d802","9":"first","10":"instock","11":"taxable","12":"shipping-taxable","13":"purchasable","14":"product-type-simple"},"acf":[],"_links":{"self":[{"href":"https:\/\/www.mobilnisvetsro.cz\/home\/wp-json\/wp\/v2\/product\/3939","targetHints":{"allow":["GET"]}}],"collection":[{"href":"https:\/\/www.mobilnisvetsro.cz\/home\/wp-json\/wp\/v2\/product"}],"about":[{"href":"https:\/\/www.mobilnisvetsro.cz\/home\/wp-json\/wp\/v2\/types\/product"}],"wp:featuredmedia":[{"embeddable":true,"href":"https:\/\/www.mobilnisvetsro.cz\/home\/wp-json\/wp\/v2\/media\/3052"}],"wp:attachment":[{"href":"https:\/\/www.mobilnisvetsro.cz\/home\/wp-json\/wp\/v2\/media?parent=3939"}],"wp:term":[{"taxonomy":"product_brand","embeddable":true,"href":"https:\/\/www.mobilnisvetsro.cz\/home\/wp-json\/wp\/v2\/product_brand?post=3939"},{"taxonomy":"product_cat","embeddable":true,"href":"https:\/\/www.mobilnisvetsro.cz\/home\/wp-json\/wp\/v2\/product_cat?post=3939"},{"taxonomy":"product_tag","embeddable":true,"href":"https:\/\/www.mobilnisvetsro.cz\/home\/wp-json\/wp\/v2\/product_tag?post=3939"}],"curies":[{"name":"wp","href":"https:\/\/api.w.org\/{rel}","templated":true}]}}