{"id":5199,"date":"2017-04-04T20:10:31","date_gmt":"2017-04-04T18:10:31","guid":{"rendered":"http:\/\/www.mobilnisvetsro.cz\/home\/shop\/servis-mobilu\/samsung\/servis-samsung-galaxy-s8-g955f\/oprava-samsung-galaxy-s8-g955f-necte-sim-pametove-karty\/oprava-samsung-galaxy-s8-g955f-necte-sim-pametove-karty\/"},"modified":"2021-12-06T17:41:55","modified_gmt":"2021-12-06T15:41:55","slug":"oprava-samsung-galaxy-s8-g955f-necte-sim-pametove-karty","status":"publish","type":"product","link":"https:\/\/www.mobilnisvetsro.cz\/home\/shop\/servis-mobilu\/samsung\/servis-samsung-galaxy-s8-g955f\/oprava-samsung-galaxy-s8-g955f-necte-sim-pametove-karty\/oprava-samsung-galaxy-s8-g955f-necte-sim-pametove-karty\/","title":{"rendered":"oprava Samsung Galaxy S8+ (G955F) : Ne\u010dte SIM, pam\u011b\u0165ov\u00e9 karty"},"content":{"rendered":"","protected":false},"excerpt":{"rendered":"","protected":false},"featured_media":5094,"template":"","meta":{"_acf_changed":false,"_crdt_document":""},"product_brand":[],"product_cat":[347],"product_tag":[],"class_list":{"0":"post-5199","1":"product","2":"type-product","3":"status-publish","4":"has-post-thumbnail","6":"product_cat-servis-samsung-galaxy-s8-g955f","8":"first","9":"instock","10":"taxable","11":"shipping-taxable","12":"purchasable","13":"product-type-simple"},"acf":[],"_links":{"self":[{"href":"https:\/\/www.mobilnisvetsro.cz\/home\/wp-json\/wp\/v2\/product\/5199","targetHints":{"allow":["GET"]}}],"collection":[{"href":"https:\/\/www.mobilnisvetsro.cz\/home\/wp-json\/wp\/v2\/product"}],"about":[{"href":"https:\/\/www.mobilnisvetsro.cz\/home\/wp-json\/wp\/v2\/types\/product"}],"wp:featuredmedia":[{"embeddable":true,"href":"https:\/\/www.mobilnisvetsro.cz\/home\/wp-json\/wp\/v2\/media\/5094"}],"wp:attachment":[{"href":"https:\/\/www.mobilnisvetsro.cz\/home\/wp-json\/wp\/v2\/media?parent=5199"}],"wp:term":[{"taxonomy":"product_brand","embeddable":true,"href":"https:\/\/www.mobilnisvetsro.cz\/home\/wp-json\/wp\/v2\/product_brand?post=5199"},{"taxonomy":"product_cat","embeddable":true,"href":"https:\/\/www.mobilnisvetsro.cz\/home\/wp-json\/wp\/v2\/product_cat?post=5199"},{"taxonomy":"product_tag","embeddable":true,"href":"https:\/\/www.mobilnisvetsro.cz\/home\/wp-json\/wp\/v2\/product_tag?post=5199"}],"curies":[{"name":"wp","href":"https:\/\/api.w.org\/{rel}","templated":true}]}}