{"id":6898,"date":"2019-05-22T11:56:06","date_gmt":"2019-05-22T09:56:06","guid":{"rendered":"http:\/\/www.mobilnisvetsro.cz\/home\/shop\/servis-mobilu\/samsung\/servis-samsung-galaxy-s8-g955f\/oprava-samsung-galaxy-s8-g955f-lcd-displej-a-dotykove-sko-v-ramecku\/oprava-samsung-galaxy-s8-g955f-lcd-displej-a-dotykove-sko-v-ramecku\/"},"modified":"2025-01-08T15:21:39","modified_gmt":"2025-01-08T13:21:39","slug":"oprava-samsung-galaxy-s8-g955f-lcd-displej-a-dotykove-sko-v-ramecku","status":"publish","type":"product","link":"https:\/\/www.mobilnisvetsro.cz\/home\/shop\/servis-mobilu\/samsung\/servis-samsung-galaxy-s8-g955f\/oprava-samsung-galaxy-s8-g955f-lcd-displej-a-dotykove-sko-v-ramecku\/oprava-samsung-galaxy-s8-g955f-lcd-displej-a-dotykove-sko-v-ramecku\/","title":{"rendered":"oprava Samsung Galaxy S8+ (G955F) : LCD Displej a dotykov\u00e9 sko v r\u00e1me\u010dku"},"content":{"rendered":"","protected":false},"excerpt":{"rendered":"","protected":false},"featured_media":5094,"template":"","meta":{"_acf_changed":false,"_crdt_document":""},"product_brand":[],"product_cat":[347],"product_tag":[],"class_list":{"0":"post-6898","1":"product","2":"type-product","3":"status-publish","4":"has-post-thumbnail","6":"product_cat-servis-samsung-galaxy-s8-g955f","8":"first","9":"instock","10":"sale","11":"taxable","12":"shipping-taxable","13":"purchasable","14":"product-type-simple"},"acf":[],"_links":{"self":[{"href":"https:\/\/www.mobilnisvetsro.cz\/home\/wp-json\/wp\/v2\/product\/6898","targetHints":{"allow":["GET"]}}],"collection":[{"href":"https:\/\/www.mobilnisvetsro.cz\/home\/wp-json\/wp\/v2\/product"}],"about":[{"href":"https:\/\/www.mobilnisvetsro.cz\/home\/wp-json\/wp\/v2\/types\/product"}],"wp:featuredmedia":[{"embeddable":true,"href":"https:\/\/www.mobilnisvetsro.cz\/home\/wp-json\/wp\/v2\/media\/5094"}],"wp:attachment":[{"href":"https:\/\/www.mobilnisvetsro.cz\/home\/wp-json\/wp\/v2\/media?parent=6898"}],"wp:term":[{"taxonomy":"product_brand","embeddable":true,"href":"https:\/\/www.mobilnisvetsro.cz\/home\/wp-json\/wp\/v2\/product_brand?post=6898"},{"taxonomy":"product_cat","embeddable":true,"href":"https:\/\/www.mobilnisvetsro.cz\/home\/wp-json\/wp\/v2\/product_cat?post=6898"},{"taxonomy":"product_tag","embeddable":true,"href":"https:\/\/www.mobilnisvetsro.cz\/home\/wp-json\/wp\/v2\/product_tag?post=6898"}],"curies":[{"name":"wp","href":"https:\/\/api.w.org\/{rel}","templated":true}]}}